{"id":6007,"date":"2024-06-19T11:20:49","date_gmt":"2024-06-19T09:20:49","guid":{"rendered":"https:\/\/lamaisoncavet.com\/?page_id=6007"},"modified":"2025-05-14T15:39:31","modified_gmt":"2025-05-14T13:39:31","slug":"reserva-piso-sanitario","status":"publish","type":"page","link":"https:\/\/lamaisoncavet.com\/es\/reservation-appartement-sanary\/","title":{"rendered":"Reserva Apartamento Sanary"},"content":{"rendered":"\t\t<div data-elementor-type=\"wp-page\" data-elementor-id=\"6007\" class=\"elementor elementor-6007\" data-elementor-post-type=\"page\">\n\t\t\t\t<div class=\"elementor-element elementor-element-d3d51a7 e-flex e-con-boxed e-con e-parent\" data-id=\"d3d51a7\" data-element_type=\"container\" data-e-type=\"container\" data-settings=\"{&quot;background_background&quot;:&quot;classic&quot;}\">\n\t\t\t\t\t<div class=\"e-con-inner\">\n\t\t\t\t<div class=\"elementor-element elementor-element-9d755df elementor-widget elementor-widget-nuss-heading\" data-id=\"9d755df\" data-element_type=\"widget\" data-e-type=\"widget\" data-widget_type=\"nuss-heading.default\">\n\t\t\t\t<div class=\"elementor-widget-container\">\n\t\t\t\t\t\t\t<div class=\"nuss-modern-heading\">\r\n\t\t\t\t\t\t<div class=\"heading-secondary-wrap\">\r\n\t\t\t\t<span class=\"heading-secondary elementor-heading-title\">Appartements \u00e0 louer \u00e0 Sanary sur mer<\/span>\t\t\t<\/div>\r\n\t\t\r\n\t\t\t\t\t\t<div class=\"heading-primary-wrap\">\r\n\t\t\t\t<h2 class=\"heading-primary elementor-heading-title\">R\u00e9servation<\/h2>\t\t\t<\/div>\r\n\t\t\r\n\t\t\t\r\n\t\t\t\t\t<\/div>\r\n\t\t\t\t\t<\/div>\n\t\t\t\t<\/div>\n\t\t\t\t\t<\/div>\n\t\t\t\t<\/div>\n\t\t\t\t<section class=\"elementor-section elementor-top-section elementor-element elementor-element-b59f2d5 elementor-section-height-min-height elementor-section-stretched elementor-section-items-stretch elementor-section-boxed elementor-section-height-default elementor-section-column-vertical-align-stretch\" data-id=\"b59f2d5\" data-element_type=\"section\" data-e-type=\"section\" data-settings=\"{&quot;stretch_section&quot;:&quot;section-stretched&quot;}\">\n\t\t\t\t\t\t<div class=\"elementor-container elementor-column-gap-no\">\n\t\t\t\t\t<div class=\"elementor-column elementor-col-100 elementor-top-column elementor-element elementor-element-5b7574e\" data-id=\"5b7574e\" data-element_type=\"column\" data-e-type=\"column\">\n\t\t\t<div class=\"elementor-widget-wrap elementor-element-populated\">\n\t\t\t\t\t\t<div class=\"elementor-element elementor-element-31b9e73 elementor-hidden-desktop elementor-hidden-tablet elementor-hidden-mobile elementor-widget elementor-widget-shortcode\" data-id=\"31b9e73\" data-element_type=\"widget\" data-e-type=\"widget\" data-widget_type=\"shortcode.default\">\n\t\t\t\t<div class=\"elementor-widget-container\">\n\t\t\t\t\t\t\t<div class=\"elementor-shortcode\">[hb_booking_form thank_you_page_url=\"https:\/\/lamaisoncavet.com\/confirmation\/\"]<\/div>\n\t\t\t\t\t\t<\/div>\n\t\t\t\t<\/div>\n\t\t\t\t\t<\/div>\n\t\t<\/div>\n\t\t\t\t\t<\/div>\n\t\t<\/section>\n\t\t<div class=\"elementor-element elementor-element-693c555 e-flex e-con-boxed e-con e-parent\" data-id=\"693c555\" data-element_type=\"container\" data-e-type=\"container\">\n\t\t\t\t\t<div class=\"e-con-inner\">\n\t\t\t\t<div class=\"elementor-element elementor-element-48444e6 elementor-widget elementor-widget-html\" data-id=\"48444e6\" data-element_type=\"widget\" data-e-type=\"widget\" data-widget_type=\"html.default\">\n\t\t\t\t<div class=\"elementor-widget-container\">\n\t\t\t\t\t<div style=\"position: relative; height: 1016px; overflow: hidden;\">\n  <iframe\n    src=\"https:\/\/la-maison-cavet.amenitiz.io\/fr\/booking\/room#DatesGuests-BE\"\n    style=\"position: absolute; top: -160px; left: 0; width: 100%; height: 1016px; border: none;\"\n    frameborder=\"0\"\n    scrolling=\"yes\"\n    allowfullscreen>\n  <\/iframe>\n<\/div>\n\t\t\t\t<\/div>\n\t\t\t\t<\/div>\n\t\t\t\t\t<\/div>\n\t\t\t\t<\/div>\n\t\t\t\t<\/div>\n\t\t","protected":false},"excerpt":{"rendered":"<p>Appartements \u00e0 louer \u00e0 Sanary sur mer R\u00e9servation [hb_booking_form thank_you_page_url=\u00a0\u00bbhttps:\/\/lamaisoncavet.com\/confirmation\/\u00a0\u00bb]<\/p>\n","protected":false},"author":1,"featured_media":6512,"parent":0,"menu_order":0,"comment_status":"closed","ping_status":"closed","template":"elementor_header_footer","meta":{"footnotes":""},"class_list":["post-6007","page","type-page","status-publish","has-post-thumbnail","hentry"],"yoast_head":"<!-- This site is optimized with the Yoast SEO plugin v27.5 - https:\/\/yoast.com\/product\/yoast-seo-wordpress\/ -->\n<title>R\u00e9servation Appartement Sanary | La Maison Cavet |\u00a0Location Appartement Sanary Sur Mer<\/title>\n<meta name=\"description\" content=\"R\u00e9servation La Maison Cavet, Appartements en location Sanary Sur Mer, locations saisonni\u00e8res sur le port de Sanary, R\u00e9servation directe\" \/>\n<meta name=\"robots\" content=\"index, follow, max-snippet:-1, max-image-preview:large, max-video-preview:-1\" \/>\n<link rel=\"canonical\" href=\"https:\/\/lamaisoncavet.com\/es\/reserva-piso-sanitario\/\" \/>\n<meta property=\"og:locale\" content=\"es_ES\" \/>\n<meta property=\"og:type\" content=\"article\" \/>\n<meta property=\"og:title\" content=\"R\u00e9servation Appartement Sanary | La Maison Cavet |\u00a0Location Appartement Sanary Sur Mer\" \/>\n<meta property=\"og:description\" content=\"R\u00e9servation La Maison Cavet, Appartements en location Sanary Sur Mer, locations saisonni\u00e8res sur le port de Sanary, R\u00e9servation directe\" \/>\n<meta property=\"og:url\" content=\"https:\/\/lamaisoncavet.com\/es\/reserva-piso-sanitario\/\" \/>\n<meta property=\"og:site_name\" content=\"La Maison Cavet |\u00a0Location Appartement Sanary Sur Mer\" \/>\n<meta property=\"article:modified_time\" content=\"2025-05-14T13:39:31+00:00\" \/>\n<meta property=\"og:image\" content=\"https:\/\/lamaisoncavet.com\/wp-content\/uploads\/2024\/06\/pointu-gros-plan-sanary-appartement-location-sanary-sur-mer.jpg\" \/>\n\t<meta property=\"og:image:width\" content=\"2500\" \/>\n\t<meta property=\"og:image:height\" content=\"1875\" \/>\n\t<meta property=\"og:image:type\" content=\"image\/jpeg\" \/>\n<meta name=\"twitter:card\" content=\"summary_large_image\" \/>\n<meta name=\"twitter:label1\" content=\"Tiempo de lectura\" \/>\n\t<meta name=\"twitter:data1\" content=\"1 minuto\" \/>\n<script type=\"application\/ld+json\" class=\"yoast-schema-graph\">{\"@context\":\"https:\\\/\\\/schema.org\",\"@graph\":[{\"@type\":\"WebPage\",\"@id\":\"https:\\\/\\\/lamaisoncavet.com\\\/reservation-appartement-sanary\\\/\",\"url\":\"https:\\\/\\\/lamaisoncavet.com\\\/reservation-appartement-sanary\\\/\",\"name\":\"R\u00e9servation Appartement Sanary | La Maison Cavet |\u00a0Location Appartement Sanary Sur Mer\",\"isPartOf\":{\"@id\":\"https:\\\/\\\/lamaisoncavet.com\\\/#website\"},\"primaryImageOfPage\":{\"@id\":\"https:\\\/\\\/lamaisoncavet.com\\\/reservation-appartement-sanary\\\/#primaryimage\"},\"image\":{\"@id\":\"https:\\\/\\\/lamaisoncavet.com\\\/reservation-appartement-sanary\\\/#primaryimage\"},\"thumbnailUrl\":\"https:\\\/\\\/lamaisoncavet.com\\\/wp-content\\\/uploads\\\/2024\\\/06\\\/pointu-gros-plan-sanary-appartement-location-sanary-sur-mer.jpg\",\"datePublished\":\"2024-06-19T09:20:49+00:00\",\"dateModified\":\"2025-05-14T13:39:31+00:00\",\"description\":\"R\u00e9servation La Maison Cavet, Appartements en location Sanary Sur Mer, locations saisonni\u00e8res sur le port de Sanary, R\u00e9servation directe\",\"breadcrumb\":{\"@id\":\"https:\\\/\\\/lamaisoncavet.com\\\/reservation-appartement-sanary\\\/#breadcrumb\"},\"inLanguage\":\"es\",\"potentialAction\":[{\"@type\":\"ReadAction\",\"target\":[\"https:\\\/\\\/lamaisoncavet.com\\\/reservation-appartement-sanary\\\/\"]}]},{\"@type\":\"ImageObject\",\"inLanguage\":\"es\",\"@id\":\"https:\\\/\\\/lamaisoncavet.com\\\/reservation-appartement-sanary\\\/#primaryimage\",\"url\":\"https:\\\/\\\/lamaisoncavet.com\\\/wp-content\\\/uploads\\\/2024\\\/06\\\/pointu-gros-plan-sanary-appartement-location-sanary-sur-mer.jpg\",\"contentUrl\":\"https:\\\/\\\/lamaisoncavet.com\\\/wp-content\\\/uploads\\\/2024\\\/06\\\/pointu-gros-plan-sanary-appartement-location-sanary-sur-mer.jpg\",\"width\":2500,\"height\":1875},{\"@type\":\"BreadcrumbList\",\"@id\":\"https:\\\/\\\/lamaisoncavet.com\\\/reservation-appartement-sanary\\\/#breadcrumb\",\"itemListElement\":[{\"@type\":\"ListItem\",\"position\":1,\"name\":\"Accueil\",\"item\":\"https:\\\/\\\/lamaisoncavet.com\\\/\"},{\"@type\":\"ListItem\",\"position\":2,\"name\":\"R\u00e9servation Appartement Sanary\"}]},{\"@type\":\"WebSite\",\"@id\":\"https:\\\/\\\/lamaisoncavet.com\\\/#website\",\"url\":\"https:\\\/\\\/lamaisoncavet.com\\\/\",\"name\":\"La Maison Cavet |\u00a0Location Appartement Sanary Sur Mer\",\"description\":\"Appartements \u00e0 Sanary Sur Mer\",\"publisher\":{\"@id\":\"https:\\\/\\\/lamaisoncavet.com\\\/#organization\"},\"potentialAction\":[{\"@type\":\"SearchAction\",\"target\":{\"@type\":\"EntryPoint\",\"urlTemplate\":\"https:\\\/\\\/lamaisoncavet.com\\\/?s={search_term_string}\"},\"query-input\":{\"@type\":\"PropertyValueSpecification\",\"valueRequired\":true,\"valueName\":\"search_term_string\"}}],\"inLanguage\":\"es\"},{\"@type\":\"Organization\",\"@id\":\"https:\\\/\\\/lamaisoncavet.com\\\/#organization\",\"name\":\"La Maison Cavet\",\"alternateName\":\"Location Appartement Sanary Sur Mer\",\"url\":\"https:\\\/\\\/lamaisoncavet.com\\\/\",\"logo\":{\"@type\":\"ImageObject\",\"inLanguage\":\"es\",\"@id\":\"https:\\\/\\\/lamaisoncavet.com\\\/#\\\/schema\\\/logo\\\/image\\\/\",\"url\":\"https:\\\/\\\/lamaisoncavet.com\\\/wp-content\\\/uploads\\\/2025\\\/05\\\/minimal-initial-brand-logo-1-1-300x132-1.webp\",\"contentUrl\":\"https:\\\/\\\/lamaisoncavet.com\\\/wp-content\\\/uploads\\\/2025\\\/05\\\/minimal-initial-brand-logo-1-1-300x132-1.webp\",\"width\":300,\"height\":132,\"caption\":\"La Maison Cavet\"},\"image\":{\"@id\":\"https:\\\/\\\/lamaisoncavet.com\\\/#\\\/schema\\\/logo\\\/image\\\/\"}}]}<\/script>\n<!-- \/ Yoast SEO plugin. -->","yoast_head_json":{"title":"Reservas Apartamento Sanary | La Maison Cavet | Location Appartement Sanary Sur Mer","description":"Reserva La Maison Cavet, Apartamentos en alquiler Sanary Sur Mer, alquiler de temporada en el puerto de Sanary, Reserva directa","robots":{"index":"index","follow":"follow","max-snippet":"max-snippet:-1","max-image-preview":"max-image-preview:large","max-video-preview":"max-video-preview:-1"},"canonical":"https:\/\/lamaisoncavet.com\/es\/reserva-piso-sanitario\/","og_locale":"es_ES","og_type":"article","og_title":"R\u00e9servation Appartement Sanary | La Maison Cavet |\u00a0Location Appartement Sanary Sur Mer","og_description":"R\u00e9servation La Maison Cavet, Appartements en location Sanary Sur Mer, locations saisonni\u00e8res sur le port de Sanary, R\u00e9servation directe","og_url":"https:\/\/lamaisoncavet.com\/es\/reserva-piso-sanitario\/","og_site_name":"La Maison Cavet |\u00a0Location Appartement Sanary Sur Mer","article_modified_time":"2025-05-14T13:39:31+00:00","og_image":[{"width":2500,"height":1875,"url":"https:\/\/lamaisoncavet.com\/wp-content\/uploads\/2024\/06\/pointu-gros-plan-sanary-appartement-location-sanary-sur-mer.jpg","type":"image\/jpeg"}],"twitter_card":"summary_large_image","twitter_misc":{"Tiempo de lectura":"1 minuto"},"schema":{"@context":"https:\/\/schema.org","@graph":[{"@type":"WebPage","@id":"https:\/\/lamaisoncavet.com\/reservation-appartement-sanary\/","url":"https:\/\/lamaisoncavet.com\/reservation-appartement-sanary\/","name":"Reservas Apartamento Sanary | La Maison Cavet | Location Appartement Sanary Sur Mer","isPartOf":{"@id":"https:\/\/lamaisoncavet.com\/#website"},"primaryImageOfPage":{"@id":"https:\/\/lamaisoncavet.com\/reservation-appartement-sanary\/#primaryimage"},"image":{"@id":"https:\/\/lamaisoncavet.com\/reservation-appartement-sanary\/#primaryimage"},"thumbnailUrl":"https:\/\/lamaisoncavet.com\/wp-content\/uploads\/2024\/06\/pointu-gros-plan-sanary-appartement-location-sanary-sur-mer.jpg","datePublished":"2024-06-19T09:20:49+00:00","dateModified":"2025-05-14T13:39:31+00:00","description":"Reserva La Maison Cavet, Apartamentos en alquiler Sanary Sur Mer, alquiler de temporada en el puerto de Sanary, Reserva directa","breadcrumb":{"@id":"https:\/\/lamaisoncavet.com\/reservation-appartement-sanary\/#breadcrumb"},"inLanguage":"es","potentialAction":[{"@type":"ReadAction","target":["https:\/\/lamaisoncavet.com\/reservation-appartement-sanary\/"]}]},{"@type":"ImageObject","inLanguage":"es","@id":"https:\/\/lamaisoncavet.com\/reservation-appartement-sanary\/#primaryimage","url":"https:\/\/lamaisoncavet.com\/wp-content\/uploads\/2024\/06\/pointu-gros-plan-sanary-appartement-location-sanary-sur-mer.jpg","contentUrl":"https:\/\/lamaisoncavet.com\/wp-content\/uploads\/2024\/06\/pointu-gros-plan-sanary-appartement-location-sanary-sur-mer.jpg","width":2500,"height":1875},{"@type":"BreadcrumbList","@id":"https:\/\/lamaisoncavet.com\/reservation-appartement-sanary\/#breadcrumb","itemListElement":[{"@type":"ListItem","position":1,"name":"Accueil","item":"https:\/\/lamaisoncavet.com\/"},{"@type":"ListItem","position":2,"name":"R\u00e9servation Appartement Sanary"}]},{"@type":"WebSite","@id":"https:\/\/lamaisoncavet.com\/#website","url":"https:\/\/lamaisoncavet.com\/","name":"La Maison Cavet | Alquiler Apartamento Sanary Sur Mer","description":"Pisos en Sanary Sur Mer","publisher":{"@id":"https:\/\/lamaisoncavet.com\/#organization"},"potentialAction":[{"@type":"SearchAction","target":{"@type":"EntryPoint","urlTemplate":"https:\/\/lamaisoncavet.com\/?s={search_term_string}"},"query-input":{"@type":"PropertyValueSpecification","valueRequired":true,"valueName":"search_term_string"}}],"inLanguage":"es"},{"@type":"Organization","@id":"https:\/\/lamaisoncavet.com\/#organization","name":"La Maison Cavet","alternateName":"Location Appartement Sanary Sur Mer","url":"https:\/\/lamaisoncavet.com\/","logo":{"@type":"ImageObject","inLanguage":"es","@id":"https:\/\/lamaisoncavet.com\/#\/schema\/logo\/image\/","url":"https:\/\/lamaisoncavet.com\/wp-content\/uploads\/2025\/05\/minimal-initial-brand-logo-1-1-300x132-1.webp","contentUrl":"https:\/\/lamaisoncavet.com\/wp-content\/uploads\/2025\/05\/minimal-initial-brand-logo-1-1-300x132-1.webp","width":300,"height":132,"caption":"La Maison Cavet"},"image":{"@id":"https:\/\/lamaisoncavet.com\/#\/schema\/logo\/image\/"}}]}},"_links":{"self":[{"href":"https:\/\/lamaisoncavet.com\/es\/wp-json\/wp\/v2\/pages\/6007","targetHints":{"allow":["GET"]}}],"collection":[{"href":"https:\/\/lamaisoncavet.com\/es\/wp-json\/wp\/v2\/pages"}],"about":[{"href":"https:\/\/lamaisoncavet.com\/es\/wp-json\/wp\/v2\/types\/page"}],"author":[{"embeddable":true,"href":"https:\/\/lamaisoncavet.com\/es\/wp-json\/wp\/v2\/users\/1"}],"replies":[{"embeddable":true,"href":"https:\/\/lamaisoncavet.com\/es\/wp-json\/wp\/v2\/comments?post=6007"}],"version-history":[{"count":30,"href":"https:\/\/lamaisoncavet.com\/es\/wp-json\/wp\/v2\/pages\/6007\/revisions"}],"predecessor-version":[{"id":7374,"href":"https:\/\/lamaisoncavet.com\/es\/wp-json\/wp\/v2\/pages\/6007\/revisions\/7374"}],"wp:featuredmedia":[{"embeddable":true,"href":"https:\/\/lamaisoncavet.com\/es\/wp-json\/wp\/v2\/media\/6512"}],"wp:attachment":[{"href":"https:\/\/lamaisoncavet.com\/es\/wp-json\/wp\/v2\/media?parent=6007"}],"curies":[{"name":"wp","href":"https:\/\/api.w.org\/{rel}","templated":true}]}}